{"id":1903,"date":"2024-11-07T09:18:59","date_gmt":"2024-11-07T09:18:59","guid":{"rendered":"https:\/\/www.brandeploy.io\/reservez-votre-demo\/"},"modified":"2025-09-18T06:41:39","modified_gmt":"2025-09-18T06:41:39","slug":"reservez-votre-demo","status":"publish","type":"page","link":"https:\/\/www.brandeploy.io\/fr\/reservez-votre-demo\/","title":{"rendered":"R\u00e9servez votre d\u00e9mo"},"content":{"rendered":"<style>.elementor-1903 .elementor-element.elementor-element-5187a74{--display:flex;--flex-direction:column;--container-widget-width:100%;--container-widget-height:initial;--container-widget-flex-grow:0;--container-widget-align-self:initial;--flex-wrap-mobile:wrap;}.elementor-1903 .elementor-element.elementor-element-5187a74:not(.elementor-motion-effects-element-type-background), .elementor-1903 .elementor-element.elementor-element-5187a74 > .elementor-motion-effects-container > .elementor-motion-effects-layer{background-color:transparent;background-image:linear-gradient(90deg, var( --e-global-color-4cd75c8 ) 0%, var( --e-global-color-4733802 ) 100%);}.elementor-1903 .elementor-element.elementor-element-0f4b45f{--display:flex;--flex-direction:row;--container-widget-width:calc( ( 1 - var( --container-widget-flex-grow ) ) * 100% );--container-widget-height:100%;--container-widget-flex-grow:1;--container-widget-align-self:stretch;--flex-wrap-mobile:wrap;--align-items:center;--margin-top:50px;--margin-bottom:50px;--margin-left:0px;--margin-right:0px;}.elementor-1903 .elementor-element.elementor-element-25d4739{--display:flex;}.elementor-widget-heading .elementor-heading-title{font-family:var( --e-global-typography-primary-font-family ), Sans-serif;font-weight:var( --e-global-typography-primary-font-weight );color:var( --e-global-color-primary );}.elementor-1903 .elementor-element.elementor-element-f21e288 .elementor-heading-title{color:var( --e-global-color-accent );}.elementor-1903 .elementor-element.elementor-element-bc72c94 .elementor-heading-title{font-family:\"Ubuntu\", Sans-serif;font-size:2.4em;font-weight:600;color:#FFFFFF;}.elementor-widget-text-editor{font-family:var( --e-global-typography-text-font-family ), Sans-serif;font-weight:var( --e-global-typography-text-font-weight );color:var( --e-global-color-text );}.elementor-widget-text-editor.elementor-drop-cap-view-stacked .elementor-drop-cap{background-color:var( --e-global-color-primary );}.elementor-widget-text-editor.elementor-drop-cap-view-framed .elementor-drop-cap, .elementor-widget-text-editor.elementor-drop-cap-view-default .elementor-drop-cap{color:var( --e-global-color-primary );border-color:var( --e-global-color-primary );}.elementor-1903 .elementor-element.elementor-element-deaaf31{text-align:justify;color:#FFFFFF;}.elementor-1903 .elementor-element.elementor-element-d655c43{--display:flex;--border-radius:10px 10px 10px 10px;--margin-top:0%;--margin-bottom:0%;--margin-left:10%;--margin-right:5%;--padding-top:45px;--padding-bottom:45px;--padding-left:45px;--padding-right:45px;}.elementor-1903 .elementor-element.elementor-element-d655c43:not(.elementor-motion-effects-element-type-background), .elementor-1903 .elementor-element.elementor-element-d655c43 > .elementor-motion-effects-container > .elementor-motion-effects-layer{background-color:#FFFFFF;}.elementor-1903 .elementor-element.elementor-element-9e51954{text-align:left;}.elementor-1903 .elementor-element.elementor-element-9e51954 .elementor-heading-title{font-family:\"Ubuntu\", Sans-serif;font-size:1.6em;font-weight:600;color:var( --e-global-color-primary );}.elementor-1903 .elementor-element.elementor-element-270b374{text-align:left;color:var( --e-global-color-primary );}<\/style>\t\t<div data-elementor-type=\"wp-page\" data-elementor-id=\"1903\" class=\"elementor elementor-1903 elementor-117\" data-elementor-post-type=\"page\">\n\t\t\t\t<div class=\"elementor-element elementor-element-5187a74 e-flex e-con-boxed e-con e-parent\" data-id=\"5187a74\" data-element_type=\"container\" data-settings=\"{&quot;background_background&quot;:&quot;gradient&quot;}\">\n\t\t\t\t\t<div class=\"e-con-inner\">\n\t\t<div class=\"elementor-element elementor-element-0f4b45f e-con-full e-flex e-con e-child\" data-id=\"0f4b45f\" data-element_type=\"container\">\n\t\t<div class=\"elementor-element elementor-element-25d4739 e-con-full e-flex e-con e-child\" data-id=\"25d4739\" data-element_type=\"container\">\n\t\t\t\t<div class=\"elementor-element elementor-element-f21e288 elementor-widget elementor-widget-heading\" data-id=\"f21e288\" data-element_type=\"widget\" data-widget_type=\"heading.default\">\n\t\t\t\t<div class=\"elementor-widget-container\">\n\t\t\t\t\t<h5 class=\"elementor-heading-title elementor-size-default\">Lib\u00e9rez votre cr\u00e9ativit\u00e9<\/h5>\t\t\t\t<\/div>\n\t\t\t\t<\/div>\n\t\t\t\t<div class=\"elementor-element elementor-element-bc72c94 elementor-widget elementor-widget-heading\" data-id=\"bc72c94\" data-element_type=\"widget\" data-widget_type=\"heading.default\">\n\t\t\t\t<div class=\"elementor-widget-container\">\n\t\t\t\t\t<h3 class=\"elementor-heading-title elementor-size-default\">Une solution de design puissante qui r\u00e9pond aux besoins des \u00e9quipes cr\u00e9atives<\/h3>\t\t\t\t<\/div>\n\t\t\t\t<\/div>\n\t\t\t\t<div class=\"elementor-element elementor-element-deaaf31 elementor-widget elementor-widget-text-editor\" data-id=\"deaaf31\" data-element_type=\"widget\" data-widget_type=\"text-editor.default\">\n\t\t\t\t<div class=\"elementor-widget-container\">\n\t\t\t\t\t\t\t\t\t<p>R\u00e9servez une d\u00e9mo et d\u00e9couvrez comment Brandeploy peut vous aider \u00e0 :<\/p>\n<ul>\n<li>Gagner du temps et de l&rsquo;argent gr\u00e2ce \u00e0 l&rsquo;automatisation de votre production cr\u00e9ative<\/li>\n<li>Cr\u00e9er instantan\u00e9ment des campagnes multicanales \u2013 en digital et en print<\/li>\n<li>Respecter votre identit\u00e9 de marque tout en d\u00e9ployant des campagnes localis\u00e9es \u00e0 grande \u00e9chelle<\/li>\n<li>Engager vos audiences sur tous les points de contact et maximiser votre ROI<\/li>\n<\/ul>\n\t\t\t\t\t\t\t\t<\/div>\n\t\t\t\t<\/div>\n\t\t\t\t<\/div>\n\t\t<div class=\"elementor-element elementor-element-d655c43 e-con-full e-flex e-con e-child\" data-id=\"d655c43\" data-element_type=\"container\" data-settings=\"{&quot;background_background&quot;:&quot;classic&quot;}\">\n\t\t\t\t<div class=\"elementor-element elementor-element-9e51954 elementor-widget elementor-widget-heading\" data-id=\"9e51954\" data-element_type=\"widget\" data-widget_type=\"heading.default\">\n\t\t\t\t<div class=\"elementor-widget-container\">\n\t\t\t\t\t<h3 class=\"elementor-heading-title elementor-size-default\">R\u00e9servez votre d\u00e9mo de 30 minutes d\u00e8s aujourd'hui<\/h3>\t\t\t\t<\/div>\n\t\t\t\t<\/div>\n\t\t\t\t<div class=\"elementor-element elementor-element-270b374 elementor-widget elementor-widget-text-editor\" data-id=\"270b374\" data-element_type=\"widget\" data-widget_type=\"text-editor.default\">\n\t\t\t\t<div class=\"elementor-widget-container\">\n\t\t\t\t\t\t\t\t\t<div class=\"flex max-w-full flex-col flex-grow\">\n<div class=\"min-h-8 text-message flex w-full flex-col items-end gap-2 whitespace-normal break-words text-start [.text-message+&amp;]:mt-5\" dir=\"auto\" data-message-author-role=\"assistant\" data-message-id=\"e1e9dd3a-0c7a-42fb-9d9a-f069977e4dc8\" data-message-model-slug=\"gpt-4o\">\n<div class=\"flex w-full flex-col gap-1 empty:hidden first:pt-[3px]\">\n<div class=\"markdown prose w-full break-words dark:prose-invert dark\">\n<p>Remplissez le formulaire et l&rsquo;un de nos repr\u00e9sentants vous contactera sous 24 heures.<\/p>\n<\/div>\n<\/div>\n<\/div>\n<\/div>\n\t\t\t\t\t\t\t\t<\/div>\n\t\t\t\t<\/div>\n\t\t\t\t<div class=\"elementor-element elementor-element-5bce827 elementor-widget elementor-widget-html\" data-id=\"5bce827\" data-element_type=\"widget\" data-widget_type=\"html.default\">\n\t\t\t\t<div class=\"elementor-widget-container\">\n\t\t\t\t\t<iframe \n  src=\"https:\/\/zeeg.me\/jeannaveau\/DemoFR30min?\" \n  style=\"width: 100%; height: 1200px; border: none;\" \n  frameborder=\"0\" \n  allowfullscreen>\n<\/iframe>\n\t\t\t\t<\/div>\n\t\t\t\t<\/div>\n\t\t\t\t<\/div>\n\t\t\t\t<\/div>\n\t\t\t\t\t<\/div>\n\t\t\t\t<\/div>\n\t\t\t\t<\/div>\n\t\t","protected":false},"excerpt":{"rendered":"<p>Lib\u00e9rez votre cr\u00e9ativit\u00e9 Une solution de design puissante qui r\u00e9pond aux besoins des \u00e9quipes cr\u00e9atives R\u00e9servez une d\u00e9mo et d\u00e9couvrez comment Brandeploy peut vous aider \u00e0 : Gagner du temps et de l&rsquo;argent gr\u00e2ce \u00e0 l&rsquo;automatisation de votre production cr\u00e9ative Cr\u00e9er instantan\u00e9ment des campagnes multicanales \u2013 en digital et en print Respecter votre identit\u00e9 de [&hellip;]<\/p>\n","protected":false},"author":1,"featured_media":0,"parent":0,"menu_order":0,"comment_status":"closed","ping_status":"closed","template":"","meta":{"content-type":"","footnotes":""},"class_list":["post-1903","page","type-page","status-publish","hentry"],"aioseo_notices":[],"_links":{"self":[{"href":"https:\/\/www.brandeploy.io\/fr\/wp-json\/wp\/v2\/pages\/1903","targetHints":{"allow":["GET"]}}],"collection":[{"href":"https:\/\/www.brandeploy.io\/fr\/wp-json\/wp\/v2\/pages"}],"about":[{"href":"https:\/\/www.brandeploy.io\/fr\/wp-json\/wp\/v2\/types\/page"}],"author":[{"embeddable":true,"href":"https:\/\/www.brandeploy.io\/fr\/wp-json\/wp\/v2\/users\/1"}],"replies":[{"embeddable":true,"href":"https:\/\/www.brandeploy.io\/fr\/wp-json\/wp\/v2\/comments?post=1903"}],"version-history":[{"count":10,"href":"https:\/\/www.brandeploy.io\/fr\/wp-json\/wp\/v2\/pages\/1903\/revisions"}],"predecessor-version":[{"id":8037,"href":"https:\/\/www.brandeploy.io\/fr\/wp-json\/wp\/v2\/pages\/1903\/revisions\/8037"}],"wp:attachment":[{"href":"https:\/\/www.brandeploy.io\/fr\/wp-json\/wp\/v2\/media?parent=1903"}],"curies":[{"name":"wp","href":"https:\/\/api.w.org\/{rel}","templated":true}]}}