{"id":1887,"date":"2025-01-21T13:37:54","date_gmt":"2025-01-21T13:37:54","guid":{"rendered":"https:\/\/www.brandeploy.io\/a-propos-de-nous\/"},"modified":"2025-10-27T10:47:47","modified_gmt":"2025-10-27T10:47:47","slug":"a-propos-de-nous","status":"publish","type":"page","link":"https:\/\/www.brandeploy.io\/fr\/a-propos-de-nous\/","title":{"rendered":"Notre mission"},"content":{"rendered":"<style>.elementor-1887 .elementor-element.elementor-element-543cc09{--display:flex;--flex-direction:row;--container-widget-width:initial;--container-widget-height:100%;--container-widget-flex-grow:1;--container-widget-align-self:stretch;--flex-wrap-mobile:wrap;--gap:0px 40px;--row-gap:0px;--column-gap:40px;--margin-top:50px;--margin-bottom:150px;--margin-left:0px;--margin-right:0px;}.elementor-1887 .elementor-element.elementor-element-c9b35c6{--display:flex;--flex-direction:column;--container-widget-width:100%;--container-widget-height:initial;--container-widget-flex-grow:0;--container-widget-align-self:initial;--flex-wrap-mobile:wrap;--justify-content:center;--margin-top:0%;--margin-bottom:0%;--margin-left:0%;--margin-right:0%;}.elementor-widget-heading .elementor-heading-title{font-family:var( --e-global-typography-primary-font-family ), Sans-serif;font-weight:var( --e-global-typography-primary-font-weight );color:var( --e-global-color-primary );}.elementor-1887 .elementor-element.elementor-element-5e08af8 .elementor-heading-title{font-family:\"Roboto\", Sans-serif;font-size:17px;font-weight:600;color:var( --e-global-color-4cd75c8 );}.elementor-1887 .elementor-element.elementor-element-741e51c{text-align:left;}.elementor-1887 .elementor-element.elementor-element-741e51c .elementor-heading-title{font-family:\"Roboto\", Sans-serif;font-weight:600;}.elementor-widget-text-editor{font-family:var( --e-global-typography-text-font-family ), Sans-serif;font-weight:var( --e-global-typography-text-font-weight );color:var( --e-global-color-text );}.elementor-widget-text-editor.elementor-drop-cap-view-stacked .elementor-drop-cap{background-color:var( --e-global-color-primary );}.elementor-widget-text-editor.elementor-drop-cap-view-framed .elementor-drop-cap, .elementor-widget-text-editor.elementor-drop-cap-view-default .elementor-drop-cap{color:var( --e-global-color-primary );border-color:var( --e-global-color-primary );}.elementor-1887 .elementor-element.elementor-element-6ae2608{text-align:justify;}.elementor-1887 .elementor-element.elementor-element-9db4274{--display:flex;--flex-direction:column;--container-widget-width:100%;--container-widget-height:initial;--container-widget-flex-grow:0;--container-widget-align-self:initial;--flex-wrap-mobile:wrap;--justify-content:center;}.elementor-widget-image .widget-image-caption{color:var( --e-global-color-text );font-family:var( --e-global-typography-text-font-family ), Sans-serif;font-weight:var( --e-global-typography-text-font-weight );}.elementor-1887 .elementor-element.elementor-element-2f717f9{--display:flex;}.elementor-1887 .elementor-element.elementor-element-54f4d88{width:var( --container-widget-width, 55vw );max-width:55vw;--container-widget-width:55vw;--container-widget-flex-grow:0;text-align:center;}.elementor-1887 .elementor-element.elementor-element-54f4d88 > .elementor-widget-container{padding:0px 0px 40px 0px;}.elementor-1887 .elementor-element.elementor-element-54f4d88.elementor-element{--align-self:center;}.elementor-1887 .elementor-element.elementor-element-54f4d88 .elementor-heading-title{font-size:2.4em;font-weight:600;color:#FBBB21;}.elementor-1887 .elementor-element.elementor-element-86f1826{--display:flex;--margin-top:0px;--margin-bottom:50px;--margin-left:0px;--margin-right:0px;}.elementor-1887 .elementor-element.elementor-element-c8c819f .elementor-wrapper{--video-aspect-ratio:1.77777;}.elementor-1887 .elementor-element.elementor-element-29b41d8{--display:flex;--flex-direction:column;--container-widget-width:100%;--container-widget-height:initial;--container-widget-flex-grow:0;--container-widget-align-self:initial;--flex-wrap-mobile:wrap;}.elementor-1887 .elementor-element.elementor-element-3695bb8{--display:flex;--min-height:45vh;--flex-direction:row;--container-widget-width:initial;--container-widget-height:100%;--container-widget-flex-grow:1;--container-widget-align-self:stretch;--flex-wrap-mobile:wrap;--border-radius:10px 10px 10px 10px;--margin-top:0px;--margin-bottom:100px;--margin-left:0px;--margin-right:0px;}.elementor-1887 .elementor-element.elementor-element-3695bb8:not(.elementor-motion-effects-element-type-background), .elementor-1887 .elementor-element.elementor-element-3695bb8 > .elementor-motion-effects-container > .elementor-motion-effects-layer{background-image:url(\"https:\/\/www.brandeploy.io\/wp-content\/uploads\/2024\/11\/fond-desck-bleu2.png\");background-size:cover;}.elementor-1887 .elementor-element.elementor-element-d2fe1f9{--display:flex;--justify-content:center;--padding-top:0%;--padding-bottom:0%;--padding-left:5%;--padding-right:5%;}.elementor-1887 .elementor-element.elementor-element-8e964ad .elementor-heading-title{font-family:\"Roboto\", Sans-serif;font-weight:600;color:#FFFFFF;}.elementor-1887 .elementor-element.elementor-element-07840eb .elementor-heading-title{font-family:\"Roboto\", Sans-serif;font-size:3em;font-weight:600;color:#FFFFFF;}.elementor-1887 .elementor-element.elementor-element-daf212a{text-align:justify;font-family:\"Roboto\", Sans-serif;font-weight:400;color:#FFFFFF;}.elementor-1887 .elementor-element.elementor-element-dbe7700{--display:flex;--justify-content:center;}.elementor-widget-button .elementor-button{background-color:var( --e-global-color-accent );font-family:var( --e-global-typography-accent-font-family ), Sans-serif;font-weight:var( --e-global-typography-accent-font-weight );}.elementor-1887 .elementor-element.elementor-element-b112196 .elementor-button:hover, .elementor-1887 .elementor-element.elementor-element-b112196 .elementor-button:focus{background-color:var( --e-global-color-primary );border-color:var( --e-global-color-primary );}.elementor-1887 .elementor-element.elementor-element-b112196 .elementor-button{font-family:\"Roboto\", Sans-serif;font-weight:500;border-style:solid;border-color:var( --e-global-color-accent );}@media(max-width:767px){.elementor-1887 .elementor-element.elementor-element-741e51c .elementor-heading-title{font-size:2em;}.elementor-1887 .elementor-element.elementor-element-54f4d88{--container-widget-width:100vw;--container-widget-flex-grow:0;width:var( --container-widget-width, 100vw );max-width:100vw;}.elementor-1887 .elementor-element.elementor-element-54f4d88 .elementor-heading-title{font-size:2em;}.elementor-1887 .elementor-element.elementor-element-3695bb8{--padding-top:25px;--padding-bottom:25px;--padding-left:25px;--padding-right:25px;}.elementor-1887 .elementor-element.elementor-element-07840eb .elementor-heading-title{font-size:1.8em;}}@media(min-width:768px){.elementor-1887 .elementor-element.elementor-element-c9b35c6{--width:50%;}.elementor-1887 .elementor-element.elementor-element-9db4274{--width:50%;}.elementor-1887 .elementor-element.elementor-element-d2fe1f9{--width:70%;}.elementor-1887 .elementor-element.elementor-element-dbe7700{--width:30%;}}<\/style>\t\t<div data-elementor-type=\"wp-page\" data-elementor-id=\"1887\" class=\"elementor elementor-1887 elementor-1302\" data-elementor-post-type=\"page\">\n\t\t\t\t<div class=\"elementor-element elementor-element-543cc09 e-flex e-con-boxed e-con e-parent\" data-id=\"543cc09\" data-element_type=\"container\">\n\t\t\t\t\t<div class=\"e-con-inner\">\n\t\t<div class=\"elementor-element elementor-element-c9b35c6 e-con-full e-flex e-con e-child\" data-id=\"c9b35c6\" data-element_type=\"container\">\n\t\t\t\t<div class=\"elementor-element elementor-element-5e08af8 elementor-widget elementor-widget-heading\" data-id=\"5e08af8\" data-element_type=\"widget\" data-widget_type=\"heading.default\">\n\t\t\t\t<div class=\"elementor-widget-container\">\n\t\t\t\t\t<h5 class=\"elementor-heading-title elementor-size-default\">NOTRE HISTOIRE<\/h5>\t\t\t\t<\/div>\n\t\t\t\t<\/div>\n\t\t\t\t<div class=\"elementor-element elementor-element-741e51c elementor-widget elementor-widget-heading\" data-id=\"741e51c\" data-element_type=\"widget\" data-widget_type=\"heading.default\">\n\t\t\t\t<div class=\"elementor-widget-container\">\n\t\t\t\t\t<h1 class=\"elementor-heading-title elementor-size-default\">Comment tout a commenc\u00e9 ?<\/h1>\t\t\t\t<\/div>\n\t\t\t\t<\/div>\n\t\t\t\t<div class=\"elementor-element elementor-element-6ae2608 elementor-widget elementor-widget-text-editor\" data-id=\"6ae2608\" data-element_type=\"widget\" data-widget_type=\"text-editor.default\">\n\t\t\t\t<div class=\"elementor-widget-container\">\n\t\t\t\t\t\t\t\t\t<div class=\"flex max-w-full flex-col flex-grow\">\n<div class=\"min-h-8 text-message flex w-full flex-col items-end gap-2 whitespace-normal break-words text-start [.text-message+&amp;]:mt-5\" dir=\"auto\" data-message-author-role=\"assistant\" data-message-id=\"43ecb1bc-aa4a-48a2-b180-a7253ea6d0b9\" data-message-model-slug=\"gpt-4o-mini\">\n<div class=\"flex w-full flex-col gap-1 empty:hidden first:pt-[3px]\">\n<div class=\"markdown prose w-full break-words dark:prose-invert dark\">\n<p>Brandeploy a \u00e9t\u00e9 fond\u00e9e en 2020 par C\u00e9dric Nirousset, Jean-Baptiste Duquesne et Jean Naveau. Notre vision est de cr\u00e9er une plateforme d&rsquo;automatisation cr\u00e9ative et de gestion de contenu qui permet aux directeurs artistiques, marketeurs et agences de g\u00e9n\u00e9rer, personnaliser et scaler facilement leur contenu marketing gr\u00e2ce \u00e0 la puissance de l&rsquo;IA.<\/p>\n<p>Nous croyons que la cr\u00e9ativit\u00e9 est une force transformatrice qui fa\u00e7onne la mani\u00e8re dont les marques se connectent avec leurs audiences \u00e0 l&rsquo;\u00e8re num\u00e9rique. En simplifiant la production, l&rsquo;optimisation et la diffusion des publicit\u00e9s, nous permettons aux marketeurs et designers de travailler plus efficacement, de lib\u00e9rer leur plein potentiel cr\u00e9atif et de g\u00e9n\u00e9rer des r\u00e9sultats significatifs.<\/p>\n<p>Aujourd&rsquo;hui, notre \u00e9quipe s&rsquo;est agrandie pour atteindre 17 personnes r\u00e9parties sur trois pays et neuf villes, avec des bureaux \u00e0 Paris et \u00e0 Annecy.<\/p>\n<\/div>\n<p><\/div>\n<p><\/div>\n<p><\/div>\n\t\t\t\t\t\t\t\t<\/div>\n\t\t\t\t<\/div>\n\t\t\t\t<\/div>\n\t\t<div class=\"elementor-element elementor-element-9db4274 e-con-full e-flex e-con e-child\" data-id=\"9db4274\" data-element_type=\"container\">\n\t\t\t\t<div class=\"elementor-element elementor-element-9847933 elementor-widget elementor-widget-image\" data-id=\"9847933\" data-element_type=\"widget\" data-widget_type=\"image.default\">\n\t\t\t\t<div class=\"elementor-widget-container\">\n\t\t\t\t\t\t\t\t\t\t\t\t\t\t\t<img fetchpriority=\"high\" decoding=\"async\" width=\"800\" height=\"534\" src=\"https:\/\/www.brandeploy.io\/wp-content\/uploads\/2025\/02\/BRANDEPLOY-09-21-HD-26-1024x683.jpg\" class=\"attachment-large size-large wp-image-1642\" alt=\"\" srcset=\"https:\/\/www.brandeploy.io\/wp-content\/uploads\/2025\/02\/BRANDEPLOY-09-21-HD-26-1024x683.jpg 1024w, https:\/\/www.brandeploy.io\/wp-content\/uploads\/2025\/02\/BRANDEPLOY-09-21-HD-26-300x200.jpg 300w, https:\/\/www.brandeploy.io\/wp-content\/uploads\/2025\/02\/BRANDEPLOY-09-21-HD-26-768x512.jpg 768w, https:\/\/www.brandeploy.io\/wp-content\/uploads\/2025\/02\/BRANDEPLOY-09-21-HD-26-1536x1024.jpg 1536w, https:\/\/www.brandeploy.io\/wp-content\/uploads\/2025\/02\/BRANDEPLOY-09-21-HD-26-2048x1365.jpg 2048w\" sizes=\"(max-width: 800px) 100vw, 800px\" \/>\t\t\t\t\t\t\t\t\t\t\t\t\t\t\t<\/div>\n\t\t\t\t<\/div>\n\t\t\t\t<\/div>\n\t\t\t\t\t<\/div>\n\t\t\t\t<\/div>\n\t\t<div class=\"elementor-element elementor-element-2f717f9 e-flex e-con-boxed e-con e-parent\" data-id=\"2f717f9\" data-element_type=\"container\">\n\t\t\t\t\t<div class=\"e-con-inner\">\n\t\t\t\t<div class=\"elementor-element elementor-element-54f4d88 elementor-widget__width-initial elementor-widget elementor-widget-heading\" data-id=\"54f4d88\" data-element_type=\"widget\" data-widget_type=\"heading.default\">\n\t\t\t\t<div class=\"elementor-widget-container\">\n\t\t\t\t\t<h2 class=\"elementor-heading-title elementor-size-default\">Notre mission<\/h2>\t\t\t\t<\/div>\n\t\t\t\t<\/div>\n\t\t\t\t\t<\/div>\n\t\t\t\t<\/div>\n\t\t<div class=\"elementor-element elementor-element-86f1826 e-flex e-con-boxed e-con e-parent\" data-id=\"86f1826\" data-element_type=\"container\">\n\t\t\t\t\t<div class=\"e-con-inner\">\n\t\t\t\t<div class=\"elementor-element elementor-element-c8c819f elementor-widget elementor-widget-video\" data-id=\"c8c819f\" data-element_type=\"widget\" data-settings=\"{&quot;video_type&quot;:&quot;hosted&quot;,&quot;loop&quot;:&quot;yes&quot;,&quot;controls&quot;:&quot;yes&quot;}\" data-widget_type=\"video.default\">\n\t\t\t\t<div class=\"elementor-widget-container\">\n\t\t\t\t\t\t\t<div class=\"e-hosted-video elementor-wrapper elementor-open-inline\">\n\t\t\t\t\t<video class=\"elementor-video\" src=\"https:\/\/youtu.be\/V2OlPeuUka4?feature=shared\" loop=\"\" controls=\"\" preload=\"metadata\" controlsList=\"nodownload\"><\/video>\n\t\t\t\t<\/div>\n\t\t\t\t\t\t<\/div>\n\t\t\t\t<\/div>\n\t\t\t\t\t<\/div>\n\t\t\t\t<\/div>\n\t\t<div class=\"elementor-element elementor-element-29b41d8 e-flex e-con-boxed e-con e-parent\" data-id=\"29b41d8\" data-element_type=\"container\">\n\t\t\t\t\t<div class=\"e-con-inner\">\n\t\t<div class=\"elementor-element elementor-element-3695bb8 e-con-full e-flex e-con e-child\" data-id=\"3695bb8\" data-element_type=\"container\" data-settings=\"{&quot;background_background&quot;:&quot;classic&quot;}\">\n\t\t<div class=\"elementor-element elementor-element-d2fe1f9 e-con-full e-flex e-con e-child\" data-id=\"d2fe1f9\" data-element_type=\"container\">\n\t\t\t\t<div class=\"elementor-element elementor-element-8e964ad elementor-widget elementor-widget-heading\" data-id=\"8e964ad\" data-element_type=\"widget\" data-widget_type=\"heading.default\">\n\t\t\t\t<div class=\"elementor-widget-container\">\n\t\t\t\t\t<h5 class=\"elementor-heading-title elementor-size-default\">Restons en contact<\/h5>\t\t\t\t<\/div>\n\t\t\t\t<\/div>\n\t\t\t\t<div class=\"elementor-element elementor-element-07840eb elementor-widget elementor-widget-heading\" data-id=\"07840eb\" data-element_type=\"widget\" data-widget_type=\"heading.default\">\n\t\t\t\t<div class=\"elementor-widget-container\">\n\t\t\t\t\t<h3 class=\"elementor-heading-title elementor-size-default\">R\u00e9servez d\u00e8s maintenant votre RDV de 30 minutes<\/h3>\t\t\t\t<\/div>\n\t\t\t\t<\/div>\n\t\t\t\t<div class=\"elementor-element elementor-element-daf212a elementor-widget elementor-widget-text-editor\" data-id=\"daf212a\" data-element_type=\"widget\" data-widget_type=\"text-editor.default\">\n\t\t\t\t<div class=\"elementor-widget-container\">\n\t\t\t\t\t\t\t\t\t<p>Remplissez le formulaire et l&rsquo;un de nos repr\u00e9sentants vous contactera dans les 24 heures.<\/p>\n\t\t\t\t\t\t\t\t<\/div>\n\t\t\t\t<\/div>\n\t\t\t\t<\/div>\n\t\t<div class=\"elementor-element elementor-element-dbe7700 e-con-full e-flex e-con e-child\" data-id=\"dbe7700\" data-element_type=\"container\">\n\t\t\t\t<div class=\"elementor-element elementor-element-b112196 elementor-widget elementor-widget-button\" data-id=\"b112196\" data-element_type=\"widget\" data-widget_type=\"button.default\">\n\t\t\t\t<div class=\"elementor-widget-container\">\n\t\t\t\t\t\t\t\t\t<div class=\"elementor-button-wrapper\">\n\t\t\t\t\t<a class=\"elementor-button elementor-button-link elementor-size-sm elementor-animation-grow\" href=\"https:\/\/www.brandeploy.io\/fr\/reservez-votre-demo\/\" id=\"btn_bookdemo30min\">\n\t\t\t\t\t\t<span class=\"elementor-button-content-wrapper\">\n\t\t\t\t\t\t\t\t\t<span class=\"elementor-button-text\">R\u00e9servez maintenant<\/span>\n\t\t\t\t\t<\/span>\n\t\t\t\t\t<\/a>\n\t\t\t\t<\/div>\n\t\t\t\t\t\t\t\t<\/div>\n\t\t\t\t<\/div>\n\t\t\t\t<\/div>\n\t\t\t\t<\/div>\n\t\t\t\t\t<\/div>\n\t\t\t\t<\/div>\n\t\t\t\t<\/div>\n\t\t","protected":false},"excerpt":{"rendered":"<p>NOTRE HISTOIRE Comment tout a commenc\u00e9 ? Brandeploy a \u00e9t\u00e9 fond\u00e9e en 2020 par C\u00e9dric Nirousset, Jean-Baptiste Duquesne et Jean Naveau. Notre vision est de cr\u00e9er une plateforme d&rsquo;automatisation cr\u00e9ative et de gestion de contenu qui permet aux directeurs artistiques, marketeurs et agences de g\u00e9n\u00e9rer, personnaliser et scaler facilement leur contenu marketing gr\u00e2ce \u00e0 la [&hellip;]<\/p>\n","protected":false},"author":4,"featured_media":0,"parent":0,"menu_order":0,"comment_status":"closed","ping_status":"closed","template":"","meta":{"content-type":"","footnotes":""},"class_list":["post-1887","page","type-page","status-publish","hentry"],"aioseo_notices":[],"_links":{"self":[{"href":"https:\/\/www.brandeploy.io\/fr\/wp-json\/wp\/v2\/pages\/1887","targetHints":{"allow":["GET"]}}],"collection":[{"href":"https:\/\/www.brandeploy.io\/fr\/wp-json\/wp\/v2\/pages"}],"about":[{"href":"https:\/\/www.brandeploy.io\/fr\/wp-json\/wp\/v2\/types\/page"}],"author":[{"embeddable":true,"href":"https:\/\/www.brandeploy.io\/fr\/wp-json\/wp\/v2\/users\/4"}],"replies":[{"embeddable":true,"href":"https:\/\/www.brandeploy.io\/fr\/wp-json\/wp\/v2\/comments?post=1887"}],"version-history":[{"count":16,"href":"https:\/\/www.brandeploy.io\/fr\/wp-json\/wp\/v2\/pages\/1887\/revisions"}],"predecessor-version":[{"id":8362,"href":"https:\/\/www.brandeploy.io\/fr\/wp-json\/wp\/v2\/pages\/1887\/revisions\/8362"}],"wp:attachment":[{"href":"https:\/\/www.brandeploy.io\/fr\/wp-json\/wp\/v2\/media?parent=1887"}],"curies":[{"name":"wp","href":"https:\/\/api.w.org\/{rel}","templated":true}]}}